{"id":6264,"date":"2021-04-20T10:24:02","date_gmt":"2021-04-20T10:24:02","guid":{"rendered":"https:\/\/wordpress-theme.spider-themes.net\/docy\/?page_id=6264"},"modified":"2025-02-11T10:30:32","modified_gmt":"2025-02-11T10:30:32","slug":"home-light","status":"publish","type":"page","link":"https:\/\/doc.becquerel.fr\/","title":{"rendered":"Accueil"},"content":{"rendered":"\t\t<div data-elementor-type=\"wp-page\" data-elementor-id=\"6264\" class=\"elementor elementor-6264\">\n\t\t\t\t\t\t<section class=\"elementor-section elementor-top-section elementor-element elementor-element-689fc29 elementor-section-full_width elementor-section-height-default elementor-section-height-default wpr-particle-no wpr-jarallax-no wpr-parallax-no wpr-sticky-section-no wpr-equal-height-no\" data-id=\"689fc29\" data-element_type=\"section\" data-e-type=\"section\">\n\t\t\t\t\t\t<div class=\"elementor-container elementor-column-gap-no\">\n\t\t\t\t\t<div class=\"elementor-column elementor-col-100 elementor-top-column elementor-element elementor-element-71496af\" data-id=\"71496af\" data-element_type=\"column\" data-e-type=\"column\">\n\t\t\t<div class=\"elementor-widget-wrap elementor-element-populated\">\n\t\t\t\t\t\t<div class=\"elementor-element elementor-element-fb270dc elementor-widget elementor-widget-docy_hero\" data-id=\"fb270dc\" data-element_type=\"widget\" data-e-type=\"widget\" data-widget_type=\"docy_hero.default\">\n\t\t\t\t<div class=\"elementor-widget-container\">\n\t\t\t\t\t<section class=\"doc_banner_area search-banner-light docy_search_hero hero3\">\r\n    <div class=\"container\">\r\n        <div class=\"doc_banner_content\">\r\n            <h1 class=\"title wow fadeInUp\" data-wow-delay=\"0.2s\"> Documentation <\/h1>                <p class=\"subtitle wow fadeInUp\" data-wow-delay=\"0.2s\">\r\n                    Centre Henri Becquerel                <\/p>\r\n                            <form action=\"https:\/\/doc.becquerel.fr\/\" class=\"header_search_form\" role=\"search\" method=\"get\">\r\n                <div class=\"header_search_form_info\">\r\n                    <div class=\"form-group\">\r\n                        <div class=\"input-wrapper\">\r\n                            <label for=\"searchInput\">\r\n                                <i class=\"icon_search\"><\/i>\r\n                            <\/label>\r\n                            <input type='search' id=\"searchInput\" autocomplete=\"off\" name=\"s\"  placeholder=\"Recherchez dans la documentation\">\r\n                            <!-- WPML Language Code -->\r\n                                                        <!-- Ajax Search Loading Spinner -->\r\n                            <span class=\"spinner\">\r\n    <img decoding=\"async\" src=\"https:\/\/doc.becquerel.fr\/wp-content\/themes\/docy\/assets\/img\/icons\/loading.svg\" alt=\"loading\">\r\n<\/span>                        <\/div>\r\n                    <\/div>\r\n                <\/div>\r\n                <div id=\"docy-search-result\" data-noresult=\"No Results Found\"> <\/div>                            <\/form>\r\n        <\/div>\r\n    <\/div>\r\n<\/section>\r\n\r\n\t\t\t\t<\/div>\n\t\t\t\t<\/div>\n\t\t\t\t\t<\/div>\n\t\t<\/div>\n\t\t\t\t\t<\/div>\n\t\t<\/section>\n\t\t\t\t<section class=\"elementor-section elementor-top-section elementor-element elementor-element-26c7c6c elementor-section-boxed elementor-section-height-default elementor-section-height-default wpr-particle-no wpr-jarallax-no wpr-parallax-no wpr-sticky-section-no wpr-equal-height-no\" data-id=\"26c7c6c\" data-element_type=\"section\" data-e-type=\"section\" data-settings=\"{&quot;background_background&quot;:&quot;classic&quot;}\">\n\t\t\t\t\t\t<div class=\"elementor-container elementor-column-gap-default\">\n\t\t\t\t\t<div class=\"elementor-column elementor-col-100 elementor-top-column elementor-element elementor-element-0076773\" data-id=\"0076773\" data-element_type=\"column\" data-e-type=\"column\">\n\t\t\t<div class=\"elementor-widget-wrap elementor-element-populated\">\n\t\t\t\t\t\t<section class=\"elementor-section elementor-inner-section elementor-element elementor-element-b7ef223 elementor-section-boxed elementor-section-height-default elementor-section-height-default wpr-particle-no wpr-jarallax-no wpr-parallax-no wpr-sticky-section-no wpr-equal-height-no\" data-id=\"b7ef223\" data-element_type=\"section\" data-e-type=\"section\">\n\t\t\t\t\t\t<div class=\"elementor-container elementor-column-gap-default\">\n\t\t\t\t\t<div class=\"elementor-column elementor-col-33 elementor-inner-column elementor-element elementor-element-351f6e8\" data-id=\"351f6e8\" data-element_type=\"column\" data-e-type=\"column\">\n\t\t\t<div class=\"elementor-widget-wrap\">\n\t\t\t\t\t\t\t<\/div>\n\t\t<\/div>\n\t\t\t\t<div class=\"elementor-column elementor-col-33 elementor-inner-column elementor-element elementor-element-15b3ee6\" data-id=\"15b3ee6\" data-element_type=\"column\" data-e-type=\"column\">\n\t\t\t<div class=\"elementor-widget-wrap\">\n\t\t\t\t\t\t\t<\/div>\n\t\t<\/div>\n\t\t\t\t<div class=\"elementor-column elementor-col-33 elementor-inner-column elementor-element elementor-element-dd0eb12\" data-id=\"dd0eb12\" data-element_type=\"column\" data-e-type=\"column\">\n\t\t\t<div class=\"elementor-widget-wrap\">\n\t\t\t\t\t\t\t<\/div>\n\t\t<\/div>\n\t\t\t\t\t<\/div>\n\t\t<\/section>\n\t\t\t\t<div class=\"elementor-element elementor-element-4c1f5ed elementor-widget elementor-widget-docy_single_doc\" data-id=\"4c1f5ed\" data-element_type=\"widget\" data-e-type=\"widget\" data-widget_type=\"docy_single_doc.default\">\n\t\t\t\t<div class=\"elementor-widget-container\">\n\t\t\t\t\t\n<div class=\"ezd-grid ezd-column-3 h_content_items\">\n            <a href=\"https:\/\/doc.becquerel.fr\/?docs=documentation-becquerel\/chimiotherapie\">\n            <div class=\"h_item\">\n                <img fetchpriority=\"high\" decoding=\"async\" width=\"400\" height=\"400\" src=\"https:\/\/doc.becquerel.fr\/wp-content\/uploads\/2024\/05\/Chimiotherapie2.png\" class=\"attachment-full size-full wp-post-image\" alt=\"\" srcset=\"https:\/\/doc.becquerel.fr\/wp-content\/uploads\/2024\/05\/Chimiotherapie2.png 400w, https:\/\/doc.becquerel.fr\/wp-content\/uploads\/2024\/05\/Chimiotherapie2-300x300.png 300w, https:\/\/doc.becquerel.fr\/wp-content\/uploads\/2024\/05\/Chimiotherapie2-150x150.png 150w, https:\/\/doc.becquerel.fr\/wp-content\/uploads\/2024\/05\/Chimiotherapie2-70x70.png 70w, https:\/\/doc.becquerel.fr\/wp-content\/uploads\/2024\/05\/Chimiotherapie2-16x16.png 16w, https:\/\/doc.becquerel.fr\/wp-content\/uploads\/2024\/05\/Chimiotherapie2-40x40.png 40w, https:\/\/doc.becquerel.fr\/wp-content\/uploads\/2024\/05\/Chimiotherapie2-100x100.png 100w, https:\/\/doc.becquerel.fr\/wp-content\/uploads\/2024\/05\/Chimiotherapie2-50x50.png 50w, https:\/\/doc.becquerel.fr\/wp-content\/uploads\/2024\/05\/Chimiotherapie2-60x60.png 60w, https:\/\/doc.becquerel.fr\/wp-content\/uploads\/2024\/05\/Chimiotherapie2-18x18.png 18w, https:\/\/doc.becquerel.fr\/wp-content\/uploads\/2024\/05\/Chimiotherapie2-20x20.png 20w\" sizes=\"(max-width: 400px) 100vw, 400px\" \/>                <h4 class=\"ct-heading-text\">Chimioth\u00e9rapie<\/h4>\n                <div class=\"ct-content-text\">\n                                    <\/div>\n            <\/div>\n        <\/a>\n                <a href=\"https:\/\/doc.becquerel.fr\/?docs=documentation-becquerel\/chirurgie\">\n            <div class=\"h_item\">\n                <img decoding=\"async\" width=\"400\" height=\"400\" src=\"https:\/\/doc.becquerel.fr\/wp-content\/uploads\/2024\/05\/Chirurgie.png\" class=\"attachment-full size-full wp-post-image\" alt=\"\" srcset=\"https:\/\/doc.becquerel.fr\/wp-content\/uploads\/2024\/05\/Chirurgie.png 400w, https:\/\/doc.becquerel.fr\/wp-content\/uploads\/2024\/05\/Chirurgie-300x300.png 300w, https:\/\/doc.becquerel.fr\/wp-content\/uploads\/2024\/05\/Chirurgie-150x150.png 150w, https:\/\/doc.becquerel.fr\/wp-content\/uploads\/2024\/05\/Chirurgie-70x70.png 70w, https:\/\/doc.becquerel.fr\/wp-content\/uploads\/2024\/05\/Chirurgie-16x16.png 16w, https:\/\/doc.becquerel.fr\/wp-content\/uploads\/2024\/05\/Chirurgie-40x40.png 40w, https:\/\/doc.becquerel.fr\/wp-content\/uploads\/2024\/05\/Chirurgie-100x100.png 100w, https:\/\/doc.becquerel.fr\/wp-content\/uploads\/2024\/05\/Chirurgie-50x50.png 50w, https:\/\/doc.becquerel.fr\/wp-content\/uploads\/2024\/05\/Chirurgie-60x60.png 60w, https:\/\/doc.becquerel.fr\/wp-content\/uploads\/2024\/05\/Chirurgie-18x18.png 18w, https:\/\/doc.becquerel.fr\/wp-content\/uploads\/2024\/05\/Chirurgie-20x20.png 20w\" sizes=\"(max-width: 400px) 100vw, 400px\" \/>                <h4 class=\"ct-heading-text\">Chirurgie<\/h4>\n                <div class=\"ct-content-text\">\n                                    <\/div>\n            <\/div>\n        <\/a>\n                <a href=\"https:\/\/doc.becquerel.fr\/?docs=documentation-becquerel\/traitements\">\n            <div class=\"h_item\">\n                <img decoding=\"async\" width=\"400\" height=\"400\" src=\"https:\/\/doc.becquerel.fr\/wp-content\/uploads\/2024\/05\/Traitement.png\" class=\"attachment-full size-full wp-post-image\" alt=\"\" srcset=\"https:\/\/doc.becquerel.fr\/wp-content\/uploads\/2024\/05\/Traitement.png 400w, https:\/\/doc.becquerel.fr\/wp-content\/uploads\/2024\/05\/Traitement-300x300.png 300w, https:\/\/doc.becquerel.fr\/wp-content\/uploads\/2024\/05\/Traitement-150x150.png 150w, https:\/\/doc.becquerel.fr\/wp-content\/uploads\/2024\/05\/Traitement-70x70.png 70w, https:\/\/doc.becquerel.fr\/wp-content\/uploads\/2024\/05\/Traitement-16x16.png 16w, https:\/\/doc.becquerel.fr\/wp-content\/uploads\/2024\/05\/Traitement-40x40.png 40w, https:\/\/doc.becquerel.fr\/wp-content\/uploads\/2024\/05\/Traitement-100x100.png 100w, https:\/\/doc.becquerel.fr\/wp-content\/uploads\/2024\/05\/Traitement-50x50.png 50w, https:\/\/doc.becquerel.fr\/wp-content\/uploads\/2024\/05\/Traitement-60x60.png 60w, https:\/\/doc.becquerel.fr\/wp-content\/uploads\/2024\/05\/Traitement-18x18.png 18w, https:\/\/doc.becquerel.fr\/wp-content\/uploads\/2024\/05\/Traitement-20x20.png 20w\" sizes=\"(max-width: 400px) 100vw, 400px\" \/>                <h4 class=\"ct-heading-text\">Traitements<\/h4>\n                <div class=\"ct-content-text\">\n                                    <\/div>\n            <\/div>\n        <\/a>\n                <a href=\"https:\/\/doc.becquerel.fr\/?docs=documentation-becquerel\/medecine-ezd_ampersand-soins-de-support\">\n            <div class=\"h_item\">\n                <img loading=\"lazy\" decoding=\"async\" width=\"1252\" height=\"1084\" src=\"https:\/\/doc.becquerel.fr\/wp-content\/uploads\/2024\/05\/Soins-de-support-1-1.png\" class=\"attachment-full size-full wp-post-image\" alt=\"\" srcset=\"https:\/\/doc.becquerel.fr\/wp-content\/uploads\/2024\/05\/Soins-de-support-1-1.png 1252w, https:\/\/doc.becquerel.fr\/wp-content\/uploads\/2024\/05\/Soins-de-support-1-1-300x260.png 300w, https:\/\/doc.becquerel.fr\/wp-content\/uploads\/2024\/05\/Soins-de-support-1-1-1024x887.png 1024w, https:\/\/doc.becquerel.fr\/wp-content\/uploads\/2024\/05\/Soins-de-support-1-1-768x665.png 768w\" sizes=\"(max-width: 1252px) 100vw, 1252px\" \/>                <h4 class=\"ct-heading-text\">M\u00e9decine &amp; Soins de support<\/h4>\n                <div class=\"ct-content-text\">\n                                    <\/div>\n            <\/div>\n        <\/a>\n                <a href=\"https:\/\/doc.becquerel.fr\/?docs=documentation-becquerel\/prevention\">\n            <div class=\"h_item\">\n                <img loading=\"lazy\" decoding=\"async\" width=\"683\" height=\"683\" src=\"https:\/\/doc.becquerel.fr\/wp-content\/uploads\/2024\/05\/prevention.png\" class=\"attachment-full size-full wp-post-image\" alt=\"\" srcset=\"https:\/\/doc.becquerel.fr\/wp-content\/uploads\/2024\/05\/prevention.png 683w, https:\/\/doc.becquerel.fr\/wp-content\/uploads\/2024\/05\/prevention-300x300.png 300w, https:\/\/doc.becquerel.fr\/wp-content\/uploads\/2024\/05\/prevention-150x150.png 150w, https:\/\/doc.becquerel.fr\/wp-content\/uploads\/2024\/05\/prevention-70x70.png 70w, https:\/\/doc.becquerel.fr\/wp-content\/uploads\/2024\/05\/prevention-16x16.png 16w, https:\/\/doc.becquerel.fr\/wp-content\/uploads\/2024\/05\/prevention-40x40.png 40w, https:\/\/doc.becquerel.fr\/wp-content\/uploads\/2024\/05\/prevention-100x100.png 100w, https:\/\/doc.becquerel.fr\/wp-content\/uploads\/2024\/05\/prevention-50x50.png 50w, https:\/\/doc.becquerel.fr\/wp-content\/uploads\/2024\/05\/prevention-60x60.png 60w, https:\/\/doc.becquerel.fr\/wp-content\/uploads\/2024\/05\/prevention-18x18.png 18w, https:\/\/doc.becquerel.fr\/wp-content\/uploads\/2024\/05\/prevention-20x20.png 20w\" sizes=\"(max-width: 683px) 100vw, 683px\" \/>                <h4 class=\"ct-heading-text\">Pr\u00e9vention<\/h4>\n                <div class=\"ct-content-text\">\n                                    <\/div>\n            <\/div>\n        <\/a>\n                <a href=\"https:\/\/doc.becquerel.fr\/?docs=documentation-becquerel\/consultations\">\n            <div class=\"h_item\">\n                <img loading=\"lazy\" decoding=\"async\" width=\"486\" height=\"484\" src=\"https:\/\/doc.becquerel.fr\/wp-content\/uploads\/2024\/05\/consultFichier-1.png\" class=\"attachment-full size-full wp-post-image\" alt=\"\" srcset=\"https:\/\/doc.becquerel.fr\/wp-content\/uploads\/2024\/05\/consultFichier-1.png 486w, https:\/\/doc.becquerel.fr\/wp-content\/uploads\/2024\/05\/consultFichier-1-300x300.png 300w, https:\/\/doc.becquerel.fr\/wp-content\/uploads\/2024\/05\/consultFichier-1-150x150.png 150w, https:\/\/doc.becquerel.fr\/wp-content\/uploads\/2024\/05\/consultFichier-1-70x70.png 70w, https:\/\/doc.becquerel.fr\/wp-content\/uploads\/2024\/05\/consultFichier-1-16x16.png 16w, https:\/\/doc.becquerel.fr\/wp-content\/uploads\/2024\/05\/consultFichier-1-40x40.png 40w, https:\/\/doc.becquerel.fr\/wp-content\/uploads\/2024\/05\/consultFichier-1-100x100.png 100w, https:\/\/doc.becquerel.fr\/wp-content\/uploads\/2024\/05\/consultFichier-1-50x50.png 50w, https:\/\/doc.becquerel.fr\/wp-content\/uploads\/2024\/05\/consultFichier-1-60x60.png 60w, https:\/\/doc.becquerel.fr\/wp-content\/uploads\/2024\/05\/consultFichier-1-18x18.png 18w, https:\/\/doc.becquerel.fr\/wp-content\/uploads\/2024\/05\/consultFichier-1-20x20.png 20w\" sizes=\"(max-width: 486px) 100vw, 486px\" \/>                <h4 class=\"ct-heading-text\">Consultations<\/h4>\n                <div class=\"ct-content-text\">\n                                    <\/div>\n            <\/div>\n        <\/a>\n                <a href=\"https:\/\/doc.becquerel.fr\/?docs=documentation-becquerel\/radiotherapie\">\n            <div class=\"h_item\">\n                <img loading=\"lazy\" decoding=\"async\" width=\"493\" height=\"504\" src=\"https:\/\/doc.becquerel.fr\/wp-content\/uploads\/2024\/05\/rthFichier-1.png\" class=\"attachment-full size-full wp-post-image\" alt=\"\" srcset=\"https:\/\/doc.becquerel.fr\/wp-content\/uploads\/2024\/05\/rthFichier-1.png 493w, https:\/\/doc.becquerel.fr\/wp-content\/uploads\/2024\/05\/rthFichier-1-293x300.png 293w, https:\/\/doc.becquerel.fr\/wp-content\/uploads\/2024\/05\/rthFichier-1-16x16.png 16w, https:\/\/doc.becquerel.fr\/wp-content\/uploads\/2024\/05\/rthFichier-1-40x40.png 40w, https:\/\/doc.becquerel.fr\/wp-content\/uploads\/2024\/05\/rthFichier-1-50x50.png 50w, https:\/\/doc.becquerel.fr\/wp-content\/uploads\/2024\/05\/rthFichier-1-60x60.png 60w, https:\/\/doc.becquerel.fr\/wp-content\/uploads\/2024\/05\/rthFichier-1-18x18.png 18w, https:\/\/doc.becquerel.fr\/wp-content\/uploads\/2024\/05\/rthFichier-1-20x20.png 20w\" sizes=\"(max-width: 493px) 100vw, 493px\" \/>                <h4 class=\"ct-heading-text\">Radioth\u00e9rapie<\/h4>\n                <div class=\"ct-content-text\">\n                                    <\/div>\n            <\/div>\n        <\/a>\n                <a href=\"https:\/\/doc.becquerel.fr\/?docs=documentation-becquerel\/dons\">\n            <div class=\"h_item\">\n                <img loading=\"lazy\" decoding=\"async\" width=\"513\" height=\"512\" src=\"https:\/\/doc.becquerel.fr\/wp-content\/uploads\/2024\/06\/donsFichier-1.png\" class=\"attachment-full size-full wp-post-image\" alt=\"\" srcset=\"https:\/\/doc.becquerel.fr\/wp-content\/uploads\/2024\/06\/donsFichier-1.png 513w, https:\/\/doc.becquerel.fr\/wp-content\/uploads\/2024\/06\/donsFichier-1-300x300.png 300w, https:\/\/doc.becquerel.fr\/wp-content\/uploads\/2024\/06\/donsFichier-1-150x150.png 150w, https:\/\/doc.becquerel.fr\/wp-content\/uploads\/2024\/06\/donsFichier-1-70x70.png 70w, https:\/\/doc.becquerel.fr\/wp-content\/uploads\/2024\/06\/donsFichier-1-16x16.png 16w, https:\/\/doc.becquerel.fr\/wp-content\/uploads\/2024\/06\/donsFichier-1-40x40.png 40w, https:\/\/doc.becquerel.fr\/wp-content\/uploads\/2024\/06\/donsFichier-1-100x100.png 100w, https:\/\/doc.becquerel.fr\/wp-content\/uploads\/2024\/06\/donsFichier-1-50x50.png 50w, https:\/\/doc.becquerel.fr\/wp-content\/uploads\/2024\/06\/donsFichier-1-60x60.png 60w, https:\/\/doc.becquerel.fr\/wp-content\/uploads\/2024\/06\/donsFichier-1-18x18.png 18w, https:\/\/doc.becquerel.fr\/wp-content\/uploads\/2024\/06\/donsFichier-1-20x20.png 20w\" sizes=\"(max-width: 513px) 100vw, 513px\" \/>                <h4 class=\"ct-heading-text\">Dons<\/h4>\n                <div class=\"ct-content-text\">\n                                    <\/div>\n            <\/div>\n        <\/a>\n                <a href=\"https:\/\/doc.becquerel.fr\/?docs=documentation-becquerel\/parcours-de-soin\">\n            <div class=\"h_item\">\n                <img loading=\"lazy\" decoding=\"async\" width=\"512\" height=\"436\" src=\"https:\/\/doc.becquerel.fr\/wp-content\/uploads\/2024\/11\/parcoursFichier-1.png\" class=\"attachment-full size-full wp-post-image\" alt=\"\" srcset=\"https:\/\/doc.becquerel.fr\/wp-content\/uploads\/2024\/11\/parcoursFichier-1.png 512w, https:\/\/doc.becquerel.fr\/wp-content\/uploads\/2024\/11\/parcoursFichier-1-300x255.png 300w\" sizes=\"(max-width: 512px) 100vw, 512px\" \/>                <h4 class=\"ct-heading-text\">Parcours de soin<\/h4>\n                <div class=\"ct-content-text\">\n                                    <\/div>\n            <\/div>\n        <\/a>\n                <a href=\"https:\/\/doc.becquerel.fr\/?docs=documentation-becquerel\/chb-1\">\n            <div class=\"h_item\">\n                <img loading=\"lazy\" decoding=\"async\" width=\"512\" height=\"512\" src=\"https:\/\/doc.becquerel.fr\/wp-content\/uploads\/2025\/01\/CHB1-2.png\" class=\"attachment-full size-full wp-post-image\" alt=\"\" srcset=\"https:\/\/doc.becquerel.fr\/wp-content\/uploads\/2025\/01\/CHB1-2.png 512w, https:\/\/doc.becquerel.fr\/wp-content\/uploads\/2025\/01\/CHB1-2-300x300.png 300w, https:\/\/doc.becquerel.fr\/wp-content\/uploads\/2025\/01\/CHB1-2-150x150.png 150w, https:\/\/doc.becquerel.fr\/wp-content\/uploads\/2025\/01\/CHB1-2-70x70.png 70w, https:\/\/doc.becquerel.fr\/wp-content\/uploads\/2025\/01\/CHB1-2-16x16.png 16w, https:\/\/doc.becquerel.fr\/wp-content\/uploads\/2025\/01\/CHB1-2-40x40.png 40w, https:\/\/doc.becquerel.fr\/wp-content\/uploads\/2025\/01\/CHB1-2-100x100.png 100w, https:\/\/doc.becquerel.fr\/wp-content\/uploads\/2025\/01\/CHB1-2-50x50.png 50w, https:\/\/doc.becquerel.fr\/wp-content\/uploads\/2025\/01\/CHB1-2-60x60.png 60w, https:\/\/doc.becquerel.fr\/wp-content\/uploads\/2025\/01\/CHB1-2-18x18.png 18w, https:\/\/doc.becquerel.fr\/wp-content\/uploads\/2025\/01\/CHB1-2-20x20.png 20w\" sizes=\"(max-width: 512px) 100vw, 512px\" \/>                <h4 class=\"ct-heading-text\">CHB 1<\/h4>\n                <div class=\"ct-content-text\">\n                                    <\/div>\n            <\/div>\n        <\/a>\n                <a href=\"https:\/\/doc.becquerel.fr\/?docs=documentation-becquerel\/hopital-de-jour\">\n            <div class=\"h_item\">\n                <img loading=\"lazy\" decoding=\"async\" width=\"480\" height=\"513\" src=\"https:\/\/doc.becquerel.fr\/wp-content\/uploads\/2025\/02\/hopitaljourFichier-1.png\" class=\"attachment-full size-full wp-post-image\" alt=\"\" srcset=\"https:\/\/doc.becquerel.fr\/wp-content\/uploads\/2025\/02\/hopitaljourFichier-1.png 480w, https:\/\/doc.becquerel.fr\/wp-content\/uploads\/2025\/02\/hopitaljourFichier-1-281x300.png 281w, https:\/\/doc.becquerel.fr\/wp-content\/uploads\/2025\/02\/hopitaljourFichier-1-16x16.png 16w, https:\/\/doc.becquerel.fr\/wp-content\/uploads\/2025\/02\/hopitaljourFichier-1-300x320.png 300w, https:\/\/doc.becquerel.fr\/wp-content\/uploads\/2025\/02\/hopitaljourFichier-1-18x18.png 18w, https:\/\/doc.becquerel.fr\/wp-content\/uploads\/2025\/02\/hopitaljourFichier-1-20x20.png 20w\" sizes=\"(max-width: 480px) 100vw, 480px\" \/>                <h4 class=\"ct-heading-text\">H\u00f4pital de jour<\/h4>\n                <div class=\"ct-content-text\">\n                                    <\/div>\n            <\/div>\n        <\/a>\n                <a href=\"https:\/\/doc.becquerel.fr\/?docs=documentation-becquerel\/infos-pratiques\">\n            <div class=\"h_item\">\n                <img loading=\"lazy\" decoding=\"async\" width=\"2560\" height=\"2560\" src=\"https:\/\/doc.becquerel.fr\/wp-content\/uploads\/2025\/07\/logoCHB_blancFichier-1@4x-scaled.png\" class=\"attachment-full size-full wp-post-image\" alt=\"\" srcset=\"https:\/\/doc.becquerel.fr\/wp-content\/uploads\/2025\/07\/logoCHB_blancFichier-1@4x-scaled.png 2560w, https:\/\/doc.becquerel.fr\/wp-content\/uploads\/2025\/07\/logoCHB_blancFichier-1@4x-300x300.png 300w, https:\/\/doc.becquerel.fr\/wp-content\/uploads\/2025\/07\/logoCHB_blancFichier-1@4x-1024x1024.png 1024w, https:\/\/doc.becquerel.fr\/wp-content\/uploads\/2025\/07\/logoCHB_blancFichier-1@4x-150x150.png 150w, https:\/\/doc.becquerel.fr\/wp-content\/uploads\/2025\/07\/logoCHB_blancFichier-1@4x-768x768.png 768w, https:\/\/doc.becquerel.fr\/wp-content\/uploads\/2025\/07\/logoCHB_blancFichier-1@4x-70x70.png 70w, https:\/\/doc.becquerel.fr\/wp-content\/uploads\/2025\/07\/logoCHB_blancFichier-1@4x-16x16.png 16w, https:\/\/doc.becquerel.fr\/wp-content\/uploads\/2025\/07\/logoCHB_blancFichier-1@4x-40x40.png 40w, https:\/\/doc.becquerel.fr\/wp-content\/uploads\/2025\/07\/logoCHB_blancFichier-1@4x-100x100.png 100w, https:\/\/doc.becquerel.fr\/wp-content\/uploads\/2025\/07\/logoCHB_blancFichier-1@4x-50x50.png 50w, https:\/\/doc.becquerel.fr\/wp-content\/uploads\/2025\/07\/logoCHB_blancFichier-1@4x-1536x1536.png 1536w, https:\/\/doc.becquerel.fr\/wp-content\/uploads\/2025\/07\/logoCHB_blancFichier-1@4x-2048x2048.png 2048w, https:\/\/doc.becquerel.fr\/wp-content\/uploads\/2025\/07\/logoCHB_blancFichier-1@4x-60x60.png 60w, https:\/\/doc.becquerel.fr\/wp-content\/uploads\/2025\/07\/logoCHB_blancFichier-1@4x-18x18.png 18w, https:\/\/doc.becquerel.fr\/wp-content\/uploads\/2025\/07\/logoCHB_blancFichier-1@4x-20x20.png 20w\" sizes=\"(max-width: 2560px) 100vw, 2560px\" \/>                <h4 class=\"ct-heading-text\">Infos Pratiques<\/h4>\n                <div class=\"ct-content-text\">\n                                    <\/div>\n            <\/div>\n        <\/a>\n        <\/div>\n\n<div class=\"h_content_items box-item collapse-wrap\">\n    <div class=\"ezd-grid 3\">\n                    <a href=\"https:\/\/doc.becquerel.fr\/?docs=documentation-becquerel\/droits-des-patients\">\n                <div class=\"h_item\">\n                                        <h4 class=\"ct-heading-text\">Droits des patients<\/h4>\n                    <div class=\"ct-content-text\">\n                                            <\/div>\n                <\/div>\n            <\/a>\n                        <a href=\"https:\/\/doc.becquerel.fr\/?docs=documentation-becquerel\/radioprotection\">\n                <div class=\"h_item\">\n                                        <h4 class=\"ct-heading-text\">Radioprotection<\/h4>\n                    <div class=\"ct-content-text\">\n                                            <\/div>\n                <\/div>\n            <\/a>\n                <\/div>\n<\/div>\n\n\t\t\t\t<\/div>\n\t\t\t\t<\/div>\n\t\t\t\t\t<\/div>\n\t\t<\/div>\n\t\t\t\t\t<\/div>\n\t\t<\/section>\n\t\t\t\t<\/div>\n\t\t","protected":false},"excerpt":{"rendered":"<p>Documentation Centre Henri Becquerel Chimioth\u00e9rapie Chirurgie Traitements M\u00e9decine &amp; Soins de support Pr\u00e9vention Consultations Radioth\u00e9rapie Dons Parcours de soin CHB 1 H\u00f4pital de jour<\/p>\n","protected":false},"author":2,"featured_media":0,"parent":0,"menu_order":0,"comment_status":"closed","ping_status":"closed","template":"elementor_header_footer","meta":{"_acf_changed":false,"_seopress_robots_primary_cat":"","_seopress_titles_title":"","_seopress_titles_desc":"","_seopress_robots_index":"","footnotes":""},"class_list":["post-6264","page","type-page","status-publish","hentry","no-post-thumbnail"],"acf":[],"_links":{"self":[{"href":"https:\/\/doc.becquerel.fr\/index.php?rest_route=\/wp\/v2\/pages\/6264","targetHints":{"allow":["GET"]}}],"collection":[{"href":"https:\/\/doc.becquerel.fr\/index.php?rest_route=\/wp\/v2\/pages"}],"about":[{"href":"https:\/\/doc.becquerel.fr\/index.php?rest_route=\/wp\/v2\/types\/page"}],"author":[{"embeddable":true,"href":"https:\/\/doc.becquerel.fr\/index.php?rest_route=\/wp\/v2\/users\/2"}],"replies":[{"embeddable":true,"href":"https:\/\/doc.becquerel.fr\/index.php?rest_route=%2Fwp%2Fv2%2Fcomments&post=6264"}],"version-history":[{"count":18,"href":"https:\/\/doc.becquerel.fr\/index.php?rest_route=\/wp\/v2\/pages\/6264\/revisions"}],"predecessor-version":[{"id":11509,"href":"https:\/\/doc.becquerel.fr\/index.php?rest_route=\/wp\/v2\/pages\/6264\/revisions\/11509"}],"wp:attachment":[{"href":"https:\/\/doc.becquerel.fr\/index.php?rest_route=%2Fwp%2Fv2%2Fmedia&parent=6264"}],"curies":[{"name":"wp","href":"https:\/\/api.w.org\/{rel}","templated":true}]}}